{"id":62,"date":"2024-05-23T15:22:01","date_gmt":"2024-05-23T13:22:01","guid":{"rendered":"http:\/\/kancelariadariuszgrajewski.pl\/?page_id=62"},"modified":"2024-05-23T15:27:57","modified_gmt":"2024-05-23T13:27:57","slug":"witamy-2","status":"publish","type":"page","link":"https:\/\/kancelariadariuszgrajewski.pl\/","title":{"rendered":"Witamy"},"content":{"rendered":"\n<h4 class=\"wp-block-heading\">Witamy na stronie Kancelarii Radcy Prawnego Dariusza Grajewskiego<\/h4>\n\n\n\n<p>Jest nam niezmiernie mi\u0142o powita\u0107 Pa\u0144stwa na stronie internetowej naszej kancelarii. Od 1999 roku \u015bwiadczymy profesjonalne us\u0142ugi prawne, kieruj\u0105c si\u0119 zasadami rzetelno\u015bci, profesjonalizmu i indywidualnego podej\u015bcia do ka\u017cdej sprawy.<\/p>\n\n\n\n<p>Nasza kancelaria, zlokalizowana w Rumi, specjalizuje si\u0119 w szerokim zakresie ga\u0142\u0119zi prawa, w tym prawa cywilnego, publicznego, gospodarczego, pracy, bankowego, prawa sp\u00f3\u0142ek handlowych oraz rodzinnego. Dzi\u0119ki bogatemu do\u015bwiadczeniu, zdobytemu w r\u00f3\u017cnych bran\u017cach, oferujemy kompleksowe doradztwo prawne oraz skuteczne reprezentowanie naszych klient\u00f3w w procesach s\u0105dowych.<\/p>\n\n\n\n<p>Zapraszamy do zapoznania si\u0119 z nasz\u0105 ofert\u0105 oraz do kontaktu. Jeste\u015bmy tu, aby pom\u00f3c Pa\u0144stwu w ka\u017cdej sytuacji prawnej.<\/p>\n\n\n\n<p>Serdecznie zapraszamy do wsp\u00f3\u0142pracy!<\/p>\n\n\n\n<h6 class=\"wp-block-heading\">Zesp\u00f3\u0142 Kancelarii Radcy Prawnego Dariusza Grajewskiego<\/h6>\n","protected":false},"excerpt":{"rendered":"<p>Witamy na stronie Kancelarii Radcy Prawnego Dariusza Grajewskiego Jest nam niezmiernie mi\u0142o powita\u0107 Pa\u0144stwa na stronie internetowej naszej kancelarii. Od 1999 roku [&hellip;]<\/p>\n","protected":false},"author":1,"featured_media":0,"parent":0,"menu_order":0,"comment_status":"closed","ping_status":"closed","template":"","meta":{"footnotes":""},"class_list":["post-62","page","type-page","status-publish","hentry"],"yoast_head":"<!-- This site is optimized with the Yoast SEO plugin v22.7 - https:\/\/yoast.com\/wordpress\/plugins\/seo\/ -->\n<title>Witamy - Kancelaria Radcy Prawnego Dariusz Grajewski<\/title>\n<meta name=\"robots\" content=\"index, follow, max-snippet:-1, max-image-preview:large, max-video-preview:-1\" \/>\n<link rel=\"canonical\" href=\"https:\/\/kancelariadariuszgrajewski.pl\/\" \/>\n<meta property=\"og:locale\" content=\"pl_PL\" \/>\n<meta property=\"og:type\" content=\"article\" \/>\n<meta property=\"og:title\" content=\"Witamy - Kancelaria Radcy Prawnego Dariusz Grajewski\" \/>\n<meta property=\"og:description\" content=\"Witamy na stronie Kancelarii Radcy Prawnego Dariusza Grajewskiego Jest nam niezmiernie mi\u0142o powita\u0107 Pa\u0144stwa na stronie internetowej naszej kancelarii. Od 1999 roku [&hellip;]\" \/>\n<meta property=\"og:url\" content=\"https:\/\/kancelariadariuszgrajewski.pl\/\" \/>\n<meta property=\"og:site_name\" content=\"Kancelaria Radcy Prawnego Dariusz Grajewski\" \/>\n<meta property=\"article:modified_time\" content=\"2024-05-23T13:27:57+00:00\" \/>\n<meta name=\"twitter:card\" content=\"summary_large_image\" \/>\n<meta name=\"twitter:label1\" content=\"Szacowany czas czytania\" \/>\n\t<meta name=\"twitter:data1\" content=\"1 minuta\" \/>\n<script type=\"application\/ld+json\" class=\"yoast-schema-graph\">{\"@context\":\"https:\/\/schema.org\",\"@graph\":[{\"@type\":\"WebPage\",\"@id\":\"https:\/\/kancelariadariuszgrajewski.pl\/\",\"url\":\"https:\/\/kancelariadariuszgrajewski.pl\/\",\"name\":\"Witamy - Kancelaria Radcy Prawnego Dariusz Grajewski\",\"isPartOf\":{\"@id\":\"https:\/\/kancelariadariuszgrajewski.pl\/#website\"},\"datePublished\":\"2024-05-23T13:22:01+00:00\",\"dateModified\":\"2024-05-23T13:27:57+00:00\",\"breadcrumb\":{\"@id\":\"https:\/\/kancelariadariuszgrajewski.pl\/#breadcrumb\"},\"inLanguage\":\"pl-PL\",\"potentialAction\":[{\"@type\":\"ReadAction\",\"target\":[\"https:\/\/kancelariadariuszgrajewski.pl\/\"]}]},{\"@type\":\"BreadcrumbList\",\"@id\":\"https:\/\/kancelariadariuszgrajewski.pl\/#breadcrumb\",\"itemListElement\":[{\"@type\":\"ListItem\",\"position\":1,\"name\":\"Strona g\u0142\u00f3wna\",\"item\":\"https:\/\/kancelariadariuszgrajewski.pl\/\"},{\"@type\":\"ListItem\",\"position\":2,\"name\":\"Witamy\"}]},{\"@type\":\"WebSite\",\"@id\":\"https:\/\/kancelariadariuszgrajewski.pl\/#website\",\"url\":\"https:\/\/kancelariadariuszgrajewski.pl\/\",\"name\":\"Kancelaria Radcy Prawnego Dariusz Grajewski\",\"description\":\"Od 1999 roku \u015bwiadczymy profesjonalne us\u0142ugi prawne, kieruj\u0105c si\u0119 zasadami rzetelno\u015bci, profesjonalizmu i indywidualnego podej\u015bcia do ka\u017cdej sprawy.\",\"publisher\":{\"@id\":\"https:\/\/kancelariadariuszgrajewski.pl\/#organization\"},\"potentialAction\":[{\"@type\":\"SearchAction\",\"target\":{\"@type\":\"EntryPoint\",\"urlTemplate\":\"https:\/\/kancelariadariuszgrajewski.pl\/?s={search_term_string}\"},\"query-input\":\"required name=search_term_string\"}],\"inLanguage\":\"pl-PL\"},{\"@type\":\"Organization\",\"@id\":\"https:\/\/kancelariadariuszgrajewski.pl\/#organization\",\"name\":\"Kancelaria Radcy Prawnego Dariusz Grajewski\",\"url\":\"https:\/\/kancelariadariuszgrajewski.pl\/\",\"logo\":{\"@type\":\"ImageObject\",\"inLanguage\":\"pl-PL\",\"@id\":\"https:\/\/kancelariadariuszgrajewski.pl\/#\/schema\/logo\/image\/\",\"url\":\"https:\/\/kancelariadariuszgrajewski.pl\/wp-content\/uploads\/2024\/05\/cropped-Grajewski1-1.png\",\"contentUrl\":\"https:\/\/kancelariadariuszgrajewski.pl\/wp-content\/uploads\/2024\/05\/cropped-Grajewski1-1.png\",\"width\":300,\"height\":241,\"caption\":\"Kancelaria Radcy Prawnego Dariusz Grajewski\"},\"image\":{\"@id\":\"https:\/\/kancelariadariuszgrajewski.pl\/#\/schema\/logo\/image\/\"}}]}<\/script>\n<!-- \/ Yoast SEO plugin. -->","yoast_head_json":{"title":"Witamy - Kancelaria Radcy Prawnego Dariusz Grajewski","robots":{"index":"index","follow":"follow","max-snippet":"max-snippet:-1","max-image-preview":"max-image-preview:large","max-video-preview":"max-video-preview:-1"},"canonical":"https:\/\/kancelariadariuszgrajewski.pl\/","og_locale":"pl_PL","og_type":"article","og_title":"Witamy - Kancelaria Radcy Prawnego Dariusz Grajewski","og_description":"Witamy na stronie Kancelarii Radcy Prawnego Dariusza Grajewskiego Jest nam niezmiernie mi\u0142o powita\u0107 Pa\u0144stwa na stronie internetowej naszej kancelarii. Od 1999 roku [&hellip;]","og_url":"https:\/\/kancelariadariuszgrajewski.pl\/","og_site_name":"Kancelaria Radcy Prawnego Dariusz Grajewski","article_modified_time":"2024-05-23T13:27:57+00:00","twitter_card":"summary_large_image","twitter_misc":{"Szacowany czas czytania":"1 minuta"},"schema":{"@context":"https:\/\/schema.org","@graph":[{"@type":"WebPage","@id":"https:\/\/kancelariadariuszgrajewski.pl\/","url":"https:\/\/kancelariadariuszgrajewski.pl\/","name":"Witamy - Kancelaria Radcy Prawnego Dariusz Grajewski","isPartOf":{"@id":"https:\/\/kancelariadariuszgrajewski.pl\/#website"},"datePublished":"2024-05-23T13:22:01+00:00","dateModified":"2024-05-23T13:27:57+00:00","breadcrumb":{"@id":"https:\/\/kancelariadariuszgrajewski.pl\/#breadcrumb"},"inLanguage":"pl-PL","potentialAction":[{"@type":"ReadAction","target":["https:\/\/kancelariadariuszgrajewski.pl\/"]}]},{"@type":"BreadcrumbList","@id":"https:\/\/kancelariadariuszgrajewski.pl\/#breadcrumb","itemListElement":[{"@type":"ListItem","position":1,"name":"Strona g\u0142\u00f3wna","item":"https:\/\/kancelariadariuszgrajewski.pl\/"},{"@type":"ListItem","position":2,"name":"Witamy"}]},{"@type":"WebSite","@id":"https:\/\/kancelariadariuszgrajewski.pl\/#website","url":"https:\/\/kancelariadariuszgrajewski.pl\/","name":"Kancelaria Radcy Prawnego Dariusz Grajewski","description":"Od 1999 roku \u015bwiadczymy profesjonalne us\u0142ugi prawne, kieruj\u0105c si\u0119 zasadami rzetelno\u015bci, profesjonalizmu i indywidualnego podej\u015bcia do ka\u017cdej sprawy.","publisher":{"@id":"https:\/\/kancelariadariuszgrajewski.pl\/#organization"},"potentialAction":[{"@type":"SearchAction","target":{"@type":"EntryPoint","urlTemplate":"https:\/\/kancelariadariuszgrajewski.pl\/?s={search_term_string}"},"query-input":"required name=search_term_string"}],"inLanguage":"pl-PL"},{"@type":"Organization","@id":"https:\/\/kancelariadariuszgrajewski.pl\/#organization","name":"Kancelaria Radcy Prawnego Dariusz Grajewski","url":"https:\/\/kancelariadariuszgrajewski.pl\/","logo":{"@type":"ImageObject","inLanguage":"pl-PL","@id":"https:\/\/kancelariadariuszgrajewski.pl\/#\/schema\/logo\/image\/","url":"https:\/\/kancelariadariuszgrajewski.pl\/wp-content\/uploads\/2024\/05\/cropped-Grajewski1-1.png","contentUrl":"https:\/\/kancelariadariuszgrajewski.pl\/wp-content\/uploads\/2024\/05\/cropped-Grajewski1-1.png","width":300,"height":241,"caption":"Kancelaria Radcy Prawnego Dariusz Grajewski"},"image":{"@id":"https:\/\/kancelariadariuszgrajewski.pl\/#\/schema\/logo\/image\/"}}]}},"_links":{"self":[{"href":"https:\/\/kancelariadariuszgrajewski.pl\/index.php?rest_route=\/wp\/v2\/pages\/62","targetHints":{"allow":["GET"]}}],"collection":[{"href":"https:\/\/kancelariadariuszgrajewski.pl\/index.php?rest_route=\/wp\/v2\/pages"}],"about":[{"href":"https:\/\/kancelariadariuszgrajewski.pl\/index.php?rest_route=\/wp\/v2\/types\/page"}],"author":[{"embeddable":true,"href":"https:\/\/kancelariadariuszgrajewski.pl\/index.php?rest_route=\/wp\/v2\/users\/1"}],"replies":[{"embeddable":true,"href":"https:\/\/kancelariadariuszgrajewski.pl\/index.php?rest_route=%2Fwp%2Fv2%2Fcomments&post=62"}],"version-history":[{"count":2,"href":"https:\/\/kancelariadariuszgrajewski.pl\/index.php?rest_route=\/wp\/v2\/pages\/62\/revisions"}],"predecessor-version":[{"id":66,"href":"https:\/\/kancelariadariuszgrajewski.pl\/index.php?rest_route=\/wp\/v2\/pages\/62\/revisions\/66"}],"wp:attachment":[{"href":"https:\/\/kancelariadariuszgrajewski.pl\/index.php?rest_route=%2Fwp%2Fv2%2Fmedia&parent=62"}],"curies":[{"name":"wp","href":"https:\/\/api.w.org\/{rel}","templated":true}]}}