{"id":7,"date":"2024-05-23T13:14:58","date_gmt":"2024-05-23T11:14:58","guid":{"rendered":"http:\/\/kancelariadariuszgrajewski.pl\/?page_id=7"},"modified":"2024-05-23T15:34:32","modified_gmt":"2024-05-23T13:34:32","slug":"witamy","status":"publish","type":"page","link":"https:\/\/kancelariadariuszgrajewski.pl\/?page_id=7","title":{"rendered":"Kancelaria"},"content":{"rendered":"\n<div class=\"wp-block-media-text is-stacked-on-mobile\" style=\"grid-template-columns:38% auto\"><figure class=\"wp-block-media-text__media\"><img loading=\"lazy\" decoding=\"async\" width=\"576\" height=\"1024\" src=\"https:\/\/kancelariadariuszgrajewski.pl\/wp-content\/uploads\/2024\/05\/temida-576x1024.png\" alt=\"\" class=\"wp-image-32 size-full\" srcset=\"https:\/\/kancelariadariuszgrajewski.pl\/wp-content\/uploads\/2024\/05\/temida-576x1024.png 576w, https:\/\/kancelariadariuszgrajewski.pl\/wp-content\/uploads\/2024\/05\/temida-169x300.png 169w, https:\/\/kancelariadariuszgrajewski.pl\/wp-content\/uploads\/2024\/05\/temida-768x1365.png 768w, https:\/\/kancelariadariuszgrajewski.pl\/wp-content\/uploads\/2024\/05\/temida-864x1536.png 864w, https:\/\/kancelariadariuszgrajewski.pl\/wp-content\/uploads\/2024\/05\/temida-1000x1778.png 1000w, https:\/\/kancelariadariuszgrajewski.pl\/wp-content\/uploads\/2024\/05\/temida-230x409.png 230w, https:\/\/kancelariadariuszgrajewski.pl\/wp-content\/uploads\/2024\/05\/temida-350x622.png 350w, https:\/\/kancelariadariuszgrajewski.pl\/wp-content\/uploads\/2024\/05\/temida-480x853.png 480w, https:\/\/kancelariadariuszgrajewski.pl\/wp-content\/uploads\/2024\/05\/temida.png 1080w\" sizes=\"auto, (max-width: 576px) 100vw, 576px\" \/><\/figure><div class=\"wp-block-media-text__content\">\n<h2 class=\"wp-block-heading\">O nas<\/h2>\n\n\n\n<p>Kancelaria Radcy Prawnego Dariusza Grajewskiego za\u0142o\u017cona w 1999 roku w Gda\u0144sku od ponad dw\u00f3ch dekad \u015bwiadczy kompleksowe us\u0142ugi prawne. Specjalizuje si\u0119 w szerokim zakresie dziedzin prawa, posiadaj\u0105c bogate do\u015bwiadczenie w prowadzeniu s\u0105dowych proces\u00f3w gospodarczych i cywilnych, a tak\u017ce w sprawach dotycz\u0105cych naruszania praw pracowniczych. W zakresie kompetencji znajduj\u0105 si\u0119 tak\u017ce negocjacje i mediacje, co czyni Kancelari\u0119 skutecznym doradc\u0105 i reprezentantem w sporach prawnych.&nbsp;<\/p>\n\n\n\n<h2 class=\"wp-block-heading\">Dariusz Grajewski<\/h2>\n\n\n\n<p>Dariusz Grajewski posiada bogate do\u015bwiadczenie zawodowe, zdobyte w r\u00f3\u017cnorodnych bran\u017cach, poparte studiami podyplomowymi z prawa sp\u00f3\u0142ek, prawa bankowego, bankowo\u015bci i innych.&nbsp; Pracowa\u0142 mi\u0119dzy innymi w sektorze finansowym jako prawnik w Centrali Banku Gda\u0144skiego S.A. oraz w Biurze Maklerskim Banku Gda\u0144skiego. \u015awiadczy\u0142 tak\u017ce us\u0142ugi na rzecz administracji publicznej oraz bran\u017cy transportowej i morskiej. Na przestrzeni lat wsp\u00f3\u0142pracowa\u0142 z renomowanymi tr\u00f3jmiejskimi kancelariami prawnymi.<\/p>\n<\/div><\/div>\n","protected":false},"excerpt":{"rendered":"<p>O nas Kancelaria Radcy Prawnego Dariusza Grajewskiego za\u0142o\u017cona w 1999 roku w Gda\u0144sku od ponad dw\u00f3ch dekad \u015bwiadczy kompleksowe us\u0142ugi prawne. Specjalizuje [&hellip;]<\/p>\n","protected":false},"author":1,"featured_media":0,"parent":0,"menu_order":0,"comment_status":"closed","ping_status":"closed","template":"","meta":{"footnotes":""},"class_list":["post-7","page","type-page","status-publish","hentry"],"yoast_head":"<!-- This site is optimized with the Yoast SEO plugin v22.7 - https:\/\/yoast.com\/wordpress\/plugins\/seo\/ -->\n<title>Kancelaria - Kancelaria Radcy Prawnego Dariusz Grajewski<\/title>\n<meta name=\"robots\" content=\"index, follow, max-snippet:-1, max-image-preview:large, max-video-preview:-1\" \/>\n<link rel=\"canonical\" href=\"https:\/\/kancelariadariuszgrajewski.pl\/?page_id=7\" \/>\n<meta property=\"og:locale\" content=\"pl_PL\" \/>\n<meta property=\"og:type\" content=\"article\" \/>\n<meta property=\"og:title\" content=\"Kancelaria - Kancelaria Radcy Prawnego Dariusz Grajewski\" \/>\n<meta property=\"og:description\" content=\"O nas Kancelaria Radcy Prawnego Dariusza Grajewskiego za\u0142o\u017cona w 1999 roku w Gda\u0144sku od ponad dw\u00f3ch dekad \u015bwiadczy kompleksowe us\u0142ugi prawne. Specjalizuje [&hellip;]\" \/>\n<meta property=\"og:url\" content=\"https:\/\/kancelariadariuszgrajewski.pl\/?page_id=7\" \/>\n<meta property=\"og:site_name\" content=\"Kancelaria Radcy Prawnego Dariusz Grajewski\" \/>\n<meta property=\"article:modified_time\" content=\"2024-05-23T13:34:32+00:00\" \/>\n<meta property=\"og:image\" content=\"http:\/\/kancelariadariuszgrajewski.pl\/wp-content\/uploads\/2024\/05\/temida-576x1024.png\" \/>\n<meta name=\"twitter:card\" content=\"summary_large_image\" \/>\n<meta name=\"twitter:label1\" content=\"Szacowany czas czytania\" \/>\n\t<meta name=\"twitter:data1\" content=\"1 minuta\" \/>\n<script type=\"application\/ld+json\" class=\"yoast-schema-graph\">{\"@context\":\"https:\/\/schema.org\",\"@graph\":[{\"@type\":\"WebPage\",\"@id\":\"https:\/\/kancelariadariuszgrajewski.pl\/?page_id=7\",\"url\":\"https:\/\/kancelariadariuszgrajewski.pl\/?page_id=7\",\"name\":\"Kancelaria - Kancelaria Radcy Prawnego Dariusz Grajewski\",\"isPartOf\":{\"@id\":\"https:\/\/kancelariadariuszgrajewski.pl\/#website\"},\"primaryImageOfPage\":{\"@id\":\"https:\/\/kancelariadariuszgrajewski.pl\/?page_id=7#primaryimage\"},\"image\":{\"@id\":\"https:\/\/kancelariadariuszgrajewski.pl\/?page_id=7#primaryimage\"},\"thumbnailUrl\":\"http:\/\/kancelariadariuszgrajewski.pl\/wp-content\/uploads\/2024\/05\/temida-576x1024.png\",\"datePublished\":\"2024-05-23T11:14:58+00:00\",\"dateModified\":\"2024-05-23T13:34:32+00:00\",\"breadcrumb\":{\"@id\":\"https:\/\/kancelariadariuszgrajewski.pl\/?page_id=7#breadcrumb\"},\"inLanguage\":\"pl-PL\",\"potentialAction\":[{\"@type\":\"ReadAction\",\"target\":[\"https:\/\/kancelariadariuszgrajewski.pl\/?page_id=7\"]}]},{\"@type\":\"ImageObject\",\"inLanguage\":\"pl-PL\",\"@id\":\"https:\/\/kancelariadariuszgrajewski.pl\/?page_id=7#primaryimage\",\"url\":\"https:\/\/kancelariadariuszgrajewski.pl\/wp-content\/uploads\/2024\/05\/temida.png\",\"contentUrl\":\"https:\/\/kancelariadariuszgrajewski.pl\/wp-content\/uploads\/2024\/05\/temida.png\",\"width\":1080,\"height\":1920},{\"@type\":\"BreadcrumbList\",\"@id\":\"https:\/\/kancelariadariuszgrajewski.pl\/?page_id=7#breadcrumb\",\"itemListElement\":[{\"@type\":\"ListItem\",\"position\":1,\"name\":\"Strona g\u0142\u00f3wna\",\"item\":\"https:\/\/kancelariadariuszgrajewski.pl\/\"},{\"@type\":\"ListItem\",\"position\":2,\"name\":\"Kancelaria\"}]},{\"@type\":\"WebSite\",\"@id\":\"https:\/\/kancelariadariuszgrajewski.pl\/#website\",\"url\":\"https:\/\/kancelariadariuszgrajewski.pl\/\",\"name\":\"Kancelaria Radcy Prawnego Dariusz Grajewski\",\"description\":\"Od 1999 roku \u015bwiadczymy profesjonalne us\u0142ugi prawne, kieruj\u0105c si\u0119 zasadami rzetelno\u015bci, profesjonalizmu i indywidualnego podej\u015bcia do ka\u017cdej sprawy.\",\"publisher\":{\"@id\":\"https:\/\/kancelariadariuszgrajewski.pl\/#organization\"},\"potentialAction\":[{\"@type\":\"SearchAction\",\"target\":{\"@type\":\"EntryPoint\",\"urlTemplate\":\"https:\/\/kancelariadariuszgrajewski.pl\/?s={search_term_string}\"},\"query-input\":\"required name=search_term_string\"}],\"inLanguage\":\"pl-PL\"},{\"@type\":\"Organization\",\"@id\":\"https:\/\/kancelariadariuszgrajewski.pl\/#organization\",\"name\":\"Kancelaria Radcy Prawnego Dariusz Grajewski\",\"url\":\"https:\/\/kancelariadariuszgrajewski.pl\/\",\"logo\":{\"@type\":\"ImageObject\",\"inLanguage\":\"pl-PL\",\"@id\":\"https:\/\/kancelariadariuszgrajewski.pl\/#\/schema\/logo\/image\/\",\"url\":\"https:\/\/kancelariadariuszgrajewski.pl\/wp-content\/uploads\/2024\/05\/cropped-Grajewski1-1.png\",\"contentUrl\":\"https:\/\/kancelariadariuszgrajewski.pl\/wp-content\/uploads\/2024\/05\/cropped-Grajewski1-1.png\",\"width\":300,\"height\":241,\"caption\":\"Kancelaria Radcy Prawnego Dariusz Grajewski\"},\"image\":{\"@id\":\"https:\/\/kancelariadariuszgrajewski.pl\/#\/schema\/logo\/image\/\"}}]}<\/script>\n<!-- \/ Yoast SEO plugin. -->","yoast_head_json":{"title":"Kancelaria - Kancelaria Radcy Prawnego Dariusz Grajewski","robots":{"index":"index","follow":"follow","max-snippet":"max-snippet:-1","max-image-preview":"max-image-preview:large","max-video-preview":"max-video-preview:-1"},"canonical":"https:\/\/kancelariadariuszgrajewski.pl\/?page_id=7","og_locale":"pl_PL","og_type":"article","og_title":"Kancelaria - Kancelaria Radcy Prawnego Dariusz Grajewski","og_description":"O nas Kancelaria Radcy Prawnego Dariusza Grajewskiego za\u0142o\u017cona w 1999 roku w Gda\u0144sku od ponad dw\u00f3ch dekad \u015bwiadczy kompleksowe us\u0142ugi prawne. Specjalizuje [&hellip;]","og_url":"https:\/\/kancelariadariuszgrajewski.pl\/?page_id=7","og_site_name":"Kancelaria Radcy Prawnego Dariusz Grajewski","article_modified_time":"2024-05-23T13:34:32+00:00","og_image":[{"url":"http:\/\/kancelariadariuszgrajewski.pl\/wp-content\/uploads\/2024\/05\/temida-576x1024.png"}],"twitter_card":"summary_large_image","twitter_misc":{"Szacowany czas czytania":"1 minuta"},"schema":{"@context":"https:\/\/schema.org","@graph":[{"@type":"WebPage","@id":"https:\/\/kancelariadariuszgrajewski.pl\/?page_id=7","url":"https:\/\/kancelariadariuszgrajewski.pl\/?page_id=7","name":"Kancelaria - Kancelaria Radcy Prawnego Dariusz Grajewski","isPartOf":{"@id":"https:\/\/kancelariadariuszgrajewski.pl\/#website"},"primaryImageOfPage":{"@id":"https:\/\/kancelariadariuszgrajewski.pl\/?page_id=7#primaryimage"},"image":{"@id":"https:\/\/kancelariadariuszgrajewski.pl\/?page_id=7#primaryimage"},"thumbnailUrl":"http:\/\/kancelariadariuszgrajewski.pl\/wp-content\/uploads\/2024\/05\/temida-576x1024.png","datePublished":"2024-05-23T11:14:58+00:00","dateModified":"2024-05-23T13:34:32+00:00","breadcrumb":{"@id":"https:\/\/kancelariadariuszgrajewski.pl\/?page_id=7#breadcrumb"},"inLanguage":"pl-PL","potentialAction":[{"@type":"ReadAction","target":["https:\/\/kancelariadariuszgrajewski.pl\/?page_id=7"]}]},{"@type":"ImageObject","inLanguage":"pl-PL","@id":"https:\/\/kancelariadariuszgrajewski.pl\/?page_id=7#primaryimage","url":"https:\/\/kancelariadariuszgrajewski.pl\/wp-content\/uploads\/2024\/05\/temida.png","contentUrl":"https:\/\/kancelariadariuszgrajewski.pl\/wp-content\/uploads\/2024\/05\/temida.png","width":1080,"height":1920},{"@type":"BreadcrumbList","@id":"https:\/\/kancelariadariuszgrajewski.pl\/?page_id=7#breadcrumb","itemListElement":[{"@type":"ListItem","position":1,"name":"Strona g\u0142\u00f3wna","item":"https:\/\/kancelariadariuszgrajewski.pl\/"},{"@type":"ListItem","position":2,"name":"Kancelaria"}]},{"@type":"WebSite","@id":"https:\/\/kancelariadariuszgrajewski.pl\/#website","url":"https:\/\/kancelariadariuszgrajewski.pl\/","name":"Kancelaria Radcy Prawnego Dariusz Grajewski","description":"Od 1999 roku \u015bwiadczymy profesjonalne us\u0142ugi prawne, kieruj\u0105c si\u0119 zasadami rzetelno\u015bci, profesjonalizmu i indywidualnego podej\u015bcia do ka\u017cdej sprawy.","publisher":{"@id":"https:\/\/kancelariadariuszgrajewski.pl\/#organization"},"potentialAction":[{"@type":"SearchAction","target":{"@type":"EntryPoint","urlTemplate":"https:\/\/kancelariadariuszgrajewski.pl\/?s={search_term_string}"},"query-input":"required name=search_term_string"}],"inLanguage":"pl-PL"},{"@type":"Organization","@id":"https:\/\/kancelariadariuszgrajewski.pl\/#organization","name":"Kancelaria Radcy Prawnego Dariusz Grajewski","url":"https:\/\/kancelariadariuszgrajewski.pl\/","logo":{"@type":"ImageObject","inLanguage":"pl-PL","@id":"https:\/\/kancelariadariuszgrajewski.pl\/#\/schema\/logo\/image\/","url":"https:\/\/kancelariadariuszgrajewski.pl\/wp-content\/uploads\/2024\/05\/cropped-Grajewski1-1.png","contentUrl":"https:\/\/kancelariadariuszgrajewski.pl\/wp-content\/uploads\/2024\/05\/cropped-Grajewski1-1.png","width":300,"height":241,"caption":"Kancelaria Radcy Prawnego Dariusz Grajewski"},"image":{"@id":"https:\/\/kancelariadariuszgrajewski.pl\/#\/schema\/logo\/image\/"}}]}},"_links":{"self":[{"href":"https:\/\/kancelariadariuszgrajewski.pl\/index.php?rest_route=\/wp\/v2\/pages\/7","targetHints":{"allow":["GET"]}}],"collection":[{"href":"https:\/\/kancelariadariuszgrajewski.pl\/index.php?rest_route=\/wp\/v2\/pages"}],"about":[{"href":"https:\/\/kancelariadariuszgrajewski.pl\/index.php?rest_route=\/wp\/v2\/types\/page"}],"author":[{"embeddable":true,"href":"https:\/\/kancelariadariuszgrajewski.pl\/index.php?rest_route=\/wp\/v2\/users\/1"}],"replies":[{"embeddable":true,"href":"https:\/\/kancelariadariuszgrajewski.pl\/index.php?rest_route=%2Fwp%2Fv2%2Fcomments&post=7"}],"version-history":[{"count":9,"href":"https:\/\/kancelariadariuszgrajewski.pl\/index.php?rest_route=\/wp\/v2\/pages\/7\/revisions"}],"predecessor-version":[{"id":76,"href":"https:\/\/kancelariadariuszgrajewski.pl\/index.php?rest_route=\/wp\/v2\/pages\/7\/revisions\/76"}],"wp:attachment":[{"href":"https:\/\/kancelariadariuszgrajewski.pl\/index.php?rest_route=%2Fwp%2Fv2%2Fmedia&parent=7"}],"curies":[{"name":"wp","href":"https:\/\/api.w.org\/{rel}","templated":true}]}}